{"id":2646,"date":"2023-01-08T16:08:07","date_gmt":"2023-01-08T15:08:07","guid":{"rendered":"https:\/\/www.everwise.ch\/services\/prevention-formation\/"},"modified":"2023-02-15T09:09:53","modified_gmt":"2023-02-15T08:09:53","slug":"prevention-formation","status":"publish","type":"page","link":"https:\/\/www.everwise.ch\/fr\/services\/prevention-formation\/","title":{"rendered":"Pr\u00e9vention &amp; Formation"},"content":{"rendered":"\t\t<div data-elementor-type=\"wp-page\" data-elementor-id=\"2646\" class=\"elementor elementor-2646 elementor-398\" data-elementor-post-type=\"page\">\n\t\t\t\t\t\t<section class=\"elementor-section elementor-top-section elementor-element elementor-element-a44a5da elementor-section-height-min-height elementor-section-boxed elementor-section-height-default elementor-section-items-middle\" data-id=\"a44a5da\" data-element_type=\"section\" data-settings=\"{&quot;background_background&quot;:&quot;classic&quot;}\">\n\t\t\t\t\t\t<div class=\"elementor-container elementor-column-gap-default\">\n\t\t\t\t\t<div class=\"elementor-column elementor-col-100 elementor-top-column elementor-element elementor-element-6c1982b6 header-shadowbanner\" data-id=\"6c1982b6\" data-element_type=\"column\" data-settings=\"{&quot;background_background&quot;:&quot;classic&quot;}\">\n\t\t\t<div class=\"elementor-widget-wrap elementor-element-populated\">\n\t\t\t\t\t\t<div class=\"elementor-element elementor-element-6405091e elementor-widget elementor-widget-heading\" data-id=\"6405091e\" data-element_type=\"widget\" data-widget_type=\"heading.default\">\n\t\t\t\t<div class=\"elementor-widget-container\">\n\t\t\t\t\t<h1 class=\"elementor-heading-title elementor-size-default\">Pr\u00e9vention &amp; Formation<\/h1>\t\t\t\t<\/div>\n\t\t\t\t<\/div>\n\t\t\t\t\t<\/div>\n\t\t<\/div>\n\t\t\t\t\t<\/div>\n\t\t<\/section>\n\t\t\t\t<section class=\"elementor-section elementor-top-section elementor-element elementor-element-9a30b4f elementor-section-height-min-height elementor-section-items-stretch elementor-section-content-middle elementor-section-boxed elementor-section-height-default\" data-id=\"9a30b4f\" data-element_type=\"section\">\n\t\t\t\t\t\t<div class=\"elementor-container elementor-column-gap-narrow\">\n\t\t\t\t\t<div class=\"elementor-column elementor-col-100 elementor-top-column elementor-element elementor-element-7e0bf26 banner-grey\" data-id=\"7e0bf26\" data-element_type=\"column\" data-settings=\"{&quot;background_background&quot;:&quot;classic&quot;}\">\n\t\t\t<div class=\"elementor-widget-wrap elementor-element-populated\">\n\t\t\t\t\t\t<div class=\"elementor-element elementor-element-6f8526a elementor-widget elementor-widget-heading\" data-id=\"6f8526a\" data-element_type=\"widget\" data-widget_type=\"heading.default\">\n\t\t\t\t<div class=\"elementor-widget-container\">\n\t\t\t\t\t<h2 class=\"elementor-heading-title elementor-size-default\">Pr\u00e9vention<\/h2>\t\t\t\t<\/div>\n\t\t\t\t<\/div>\n\t\t\t\t<div class=\"elementor-element elementor-element-1ab374d elementor-widget-divider--view-line elementor-widget elementor-widget-divider\" data-id=\"1ab374d\" data-element_type=\"widget\" data-widget_type=\"divider.default\">\n\t\t\t\t<div class=\"elementor-widget-container\">\n\t\t\t\t\t\t\t<div class=\"elementor-divider\">\n\t\t\t<span class=\"elementor-divider-separator\">\n\t\t\t\t\t\t<\/span>\n\t\t<\/div>\n\t\t\t\t\t\t<\/div>\n\t\t\t\t<\/div>\n\t\t\t\t<div class=\"elementor-element elementor-element-0c54b62 elementor-widget elementor-widget-text-editor\" data-id=\"0c54b62\" data-element_type=\"widget\" data-widget_type=\"text-editor.default\">\n\t\t\t\t<div class=\"elementor-widget-container\">\n\t\t\t\t\t\t\t\t\t<p>ever<strong>wise<\/strong> propose des <span style=\"color: #debc8b;\">services de pr\u00e9vention<\/span> pour les employ\u00e9s de ses clients, afin de favoriser un comportement conforme et \u00e9thique au sein de l&rsquo;organisation (compliance).<\/p>\n\t\t\t\t\t\t\t\t<\/div>\n\t\t\t\t<\/div>\n\t\t\t\t<div class=\"elementor-element elementor-element-6599b85 elementor-widget elementor-widget-image\" data-id=\"6599b85\" data-element_type=\"widget\" data-widget_type=\"image.default\">\n\t\t\t\t<div class=\"elementor-widget-container\">\n\t\t\t\t\t\t\t\t\t\t\t\t\t\t\t<img fetchpriority=\"high\" decoding=\"async\" width=\"300\" height=\"293\" src=\"https:\/\/www.everwise.ch\/wp-content\/uploads\/2020\/09\/Train-Analyse-Improve-300x293.png\" class=\"attachment-medium size-medium wp-image-2852\" alt=\"\" srcset=\"https:\/\/www.everwise.ch\/wp-content\/uploads\/2020\/09\/Train-Analyse-Improve-300x293.png 300w, https:\/\/www.everwise.ch\/wp-content\/uploads\/2020\/09\/Train-Analyse-Improve-768x749.png 768w, https:\/\/www.everwise.ch\/wp-content\/uploads\/2020\/09\/Train-Analyse-Improve.png 964w\" sizes=\"(max-width: 300px) 100vw, 300px\" \/>\t\t\t\t\t\t\t\t\t\t\t\t\t\t\t<\/div>\n\t\t\t\t<\/div>\n\t\t\t\t\t<\/div>\n\t\t<\/div>\n\t\t\t\t\t<\/div>\n\t\t<\/section>\n\t\t\t\t<section class=\"elementor-section elementor-top-section elementor-element elementor-element-4377e5b elementor-section-height-min-height elementor-section-items-stretch elementor-section-content-middle elementor-section-boxed elementor-section-height-default\" data-id=\"4377e5b\" data-element_type=\"section\">\n\t\t\t\t\t\t<div class=\"elementor-container elementor-column-gap-narrow\">\n\t\t\t\t\t<div class=\"elementor-column elementor-col-100 elementor-top-column elementor-element elementor-element-ff64a80 banner-grey\" data-id=\"ff64a80\" data-element_type=\"column\" data-settings=\"{&quot;background_background&quot;:&quot;classic&quot;}\">\n\t\t\t<div class=\"elementor-widget-wrap elementor-element-populated\">\n\t\t\t\t\t\t<div class=\"elementor-element elementor-element-cbdcd7a elementor-widget elementor-widget-heading\" data-id=\"cbdcd7a\" data-element_type=\"widget\" data-widget_type=\"heading.default\">\n\t\t\t\t<div class=\"elementor-widget-container\">\n\t\t\t\t\t<h2 class=\"elementor-heading-title elementor-size-default\">Check-up juridique &amp; Services de conformit\u00e9 (Compliance)<\/h2>\t\t\t\t<\/div>\n\t\t\t\t<\/div>\n\t\t\t\t<div class=\"elementor-element elementor-element-da07d04 elementor-widget-divider--view-line elementor-widget elementor-widget-divider\" data-id=\"da07d04\" data-element_type=\"widget\" data-widget_type=\"divider.default\">\n\t\t\t\t<div class=\"elementor-widget-container\">\n\t\t\t\t\t\t\t<div class=\"elementor-divider\">\n\t\t\t<span class=\"elementor-divider-separator\">\n\t\t\t\t\t\t<\/span>\n\t\t<\/div>\n\t\t\t\t\t\t<\/div>\n\t\t\t\t<\/div>\n\t\t\t\t<div class=\"elementor-element elementor-element-cb758db elementor-widget elementor-widget-text-editor\" data-id=\"cb758db\" data-element_type=\"widget\" data-widget_type=\"text-editor.default\">\n\t\t\t\t<div class=\"elementor-widget-container\">\n\t\t\t\t\t\t\t\t\t<p>Un bilan juridique (\u00ab check-up \u00bb) est une source incroyable d\u2019informations et de connaissances. Un check-up juridique permet aux clients de mieux comprendre leur situation sur le plan juridique. Sur cette base, ils sont en mesure de prendre les mesures appropri\u00e9es. ever<strong>wise<\/strong> aide ses clients \u00e0 identifier les risques juridiques avant qu&rsquo;il ne soit trop tard et qu&rsquo;ils ne deviennent un probl\u00e8me.<\/p>\n<p>Nos conseillers ont une grande exp\u00e9rience de la gestion de situations complexes dans leur domaine d&rsquo;expertise. Ils savent comment identifier les probl\u00e8mes potentiels \u00e0 un stade pr\u00e9coce et recommander des mesures pour att\u00e9nuer les risques potentiels.<\/p>\n<p>Notre check-up juridique se concentre g\u00e9n\u00e9ralement sur un seul domaine op\u00e9rationnel de l&rsquo;entreprise. Un check-up juridique va au-del\u00e0 des questions de conformit\u00e9. Il permet \u00e9galement de s&rsquo;assurer que vous tirez pleinement parti de votre position (par rapport \u00e0 vos fournisseurs, clients et concurrents).<\/p>\n<p>Certaines entreprises effectuent r\u00e9guli\u00e8rement des audits juridiques de leurs secteurs d&rsquo;activit\u00e9 les plus sensibles ou des parties de leur activit\u00e9 o\u00f9 le risque juridique est traditionnellement \u00e9lev\u00e9.<br \/>La valeur r\u00e9elle d\u2019un check-up juridique ne r\u00e9side pas tant dans ce qui est d\u00e9couvert, mais plut\u00f4t dans ce que votre entreprise fait des r\u00e9sultats. Le conseiller juridique pr\u00e9sentera une liste de conclusions et de recommandations.<\/p>\n<p>Il appartiendra au conseil d&rsquo;administration et \u00e0 l&rsquo;\u00e9quipe de direction de d\u00e9cider de la mani\u00e8re de traiter ces recommandations.<\/p>\n<p><strong>Exemples de check-up juridique :<\/strong><\/p>\n<ul>\n<li><span style=\"font-size: 17px;\">Politiques de ressources humaines, r\u00e8glements et manuels des employ\u00e9s<\/span><\/li>\n<li>Protection des donn\u00e9es<\/li>\n<li>Contrats : Contrats de travail, de vente, de fournisseur, etc. ainsi que la documentation associ\u00e9e<\/li>\n<li>Revue des droits de propri\u00e9t\u00e9 intellectuelle notamment des marques et licences<\/li>\n<li>Conformit\u00e9 avec les r\u00e9glementations sp\u00e9cifiques au secteur d\u2019activit\u00e9<\/li>\n<\/ul>\n\t\t\t\t\t\t\t\t<\/div>\n\t\t\t\t<\/div>\n\t\t\t\t\t<\/div>\n\t\t<\/div>\n\t\t\t\t\t<\/div>\n\t\t<\/section>\n\t\t\t\t<section class=\"elementor-section elementor-top-section elementor-element elementor-element-5fc51a9 elementor-section-height-min-height elementor-section-items-stretch elementor-section-content-middle elementor-section-boxed elementor-section-height-default\" data-id=\"5fc51a9\" data-element_type=\"section\">\n\t\t\t\t\t\t<div class=\"elementor-container elementor-column-gap-narrow\">\n\t\t\t\t\t<div class=\"elementor-column elementor-col-100 elementor-top-column elementor-element elementor-element-c12b711 banner-grey\" data-id=\"c12b711\" data-element_type=\"column\" data-settings=\"{&quot;background_background&quot;:&quot;classic&quot;}\">\n\t\t\t<div class=\"elementor-widget-wrap elementor-element-populated\">\n\t\t\t\t\t\t<div class=\"elementor-element elementor-element-30017d2 elementor-widget elementor-widget-heading\" data-id=\"30017d2\" data-element_type=\"widget\" data-widget_type=\"heading.default\">\n\t\t\t\t<div class=\"elementor-widget-container\">\n\t\t\t\t\t<h2 class=\"elementor-heading-title elementor-size-default\">Formation<\/h2>\t\t\t\t<\/div>\n\t\t\t\t<\/div>\n\t\t\t\t<div class=\"elementor-element elementor-element-9936bef elementor-widget-divider--view-line elementor-widget elementor-widget-divider\" data-id=\"9936bef\" data-element_type=\"widget\" data-widget_type=\"divider.default\">\n\t\t\t\t<div class=\"elementor-widget-container\">\n\t\t\t\t\t\t\t<div class=\"elementor-divider\">\n\t\t\t<span class=\"elementor-divider-separator\">\n\t\t\t\t\t\t<\/span>\n\t\t<\/div>\n\t\t\t\t\t\t<\/div>\n\t\t\t\t<\/div>\n\t\t\t\t<div class=\"elementor-element elementor-element-fe69260 elementor-widget elementor-widget-text-editor\" data-id=\"fe69260\" data-element_type=\"widget\" data-widget_type=\"text-editor.default\">\n\t\t\t\t<div class=\"elementor-widget-container\">\n\t\t\t\t\t\t\t\t\t<p><span style=\"color: #debc8b;\">Les principaux objectifs de nos cours et ateliers :<\/span><\/p>\n<p>La gestion des risques juridiques consiste notamment \u00e0 se tenir au courant d&rsquo;un environnement r\u00e9glementaire et juridique de plus en plus compliqu\u00e9 et en constante \u00e9volution. Plut\u00f4t que de la consid\u00e9rer comme une activit\u00e9 intermittente, la gestion des risques juridiques est plus efficace si elle est int\u00e9gr\u00e9e dans les op\u00e9rations et les processus en cours, de sorte que tous les employ\u00e9s sont conscients des r\u00e8gles en place et responsabilis\u00e9s. En favorisant la connaissance et la sensibilisation \u00e0 tous les niveaux de l\u2019entreprise, on aide les employ\u00e9s \u00e0 se familiariser avec les risques existants et \u00e0 identifier de mani\u00e8re proactive les probl\u00e8mes potentiels de conformit\u00e9. C\u2019est la premi\u00e8re \u00e9tape de pr\u00e9vention et de r\u00e9duction des risques r\u00e9putationnels auxquels les entreprises sont confront\u00e9es. C\u2019est \u00e9galement l\u2019un des moyens les plus efficaces de d\u00e9couvrir et de saisir les opportunit\u00e9s \u00e0 leur port\u00e9e.<\/p>\n<p><span style=\"color: #debc8b; font-size: 17px;\">Nos solutions :<\/span><\/p>\n<p><span style=\"font-size: 17px;\">Des Cours et ateliers standards ou sur mesure ciblant<\/span> <span style=\"font-size: 17px;\">les cadres<\/span>, <span style=\"font-size: 17px;\">des d\u00e9partements sp\u00e9cifiques (RH, achats, ventes, marketing, etc.) ou les \u00e9quipes de l&rsquo;entreprise, ou encore tous les employ\u00e9s.<\/span><\/p>\n\t\t\t\t\t\t\t\t<\/div>\n\t\t\t\t<\/div>\n\t\t\t\t\t<\/div>\n\t\t<\/div>\n\t\t\t\t\t<\/div>\n\t\t<\/section>\n\t\t\t\t<section class=\"elementor-section elementor-top-section elementor-element elementor-element-68e4a0fd elementor-section-full_width elementor-section-height-default elementor-section-height-default\" data-id=\"68e4a0fd\" data-element_type=\"section\" data-settings=\"{&quot;background_background&quot;:&quot;classic&quot;}\">\n\t\t\t\t\t\t\t<div class=\"elementor-background-overlay\"><\/div>\n\t\t\t\t\t\t\t<div class=\"elementor-container elementor-column-gap-default\">\n\t\t\t\t\t<div class=\"elementor-column elementor-col-100 elementor-top-column elementor-element elementor-element-398d144\" data-id=\"398d144\" data-element_type=\"column\">\n\t\t\t<div class=\"elementor-widget-wrap elementor-element-populated\">\n\t\t\t\t\t\t<div class=\"elementor-element elementor-element-f216203 elementor-widget elementor-widget-heading\" data-id=\"f216203\" data-element_type=\"widget\" data-widget_type=\"heading.default\">\n\t\t\t\t<div class=\"elementor-widget-container\">\n\t\t\t\t\t<h2 class=\"elementor-heading-title elementor-size-default\">COURS ET ATELIERS<\/h2>\t\t\t\t<\/div>\n\t\t\t\t<\/div>\n\t\t\t\t<section class=\"elementor-section elementor-inner-section elementor-element elementor-element-4e1eaab1 elementor-section-boxed elementor-section-height-default elementor-section-height-default\" data-id=\"4e1eaab1\" data-element_type=\"section\">\n\t\t\t\t\t\t<div class=\"elementor-container elementor-column-gap-default\">\n\t\t\t\t\t<div class=\"elementor-column elementor-col-100 elementor-inner-column elementor-element elementor-element-1b99d2fb\" data-id=\"1b99d2fb\" data-element_type=\"column\">\n\t\t\t<div class=\"elementor-widget-wrap elementor-element-populated\">\n\t\t\t\t\t\t<div class=\"elementor-element elementor-element-4fe5be8 elementor-widget elementor-widget-text-editor\" data-id=\"4fe5be8\" data-element_type=\"widget\" data-widget_type=\"text-editor.default\">\n\t\t\t\t<div class=\"elementor-widget-container\">\n\t\t\t\t\t\t\t\t\t<ul>\n \t<li>Introduction \u00e0 la gestion des risques juridiques<\/li>\n \t<li>Formation juridique pour les RH<\/li>\n \t<li>Formation juridique pour les \u00e9quipes de vente<\/li>\n \t<li>Formation juridique pour les \u00e9quipes marketing<\/li>\n \t<li>Propri\u00e9t\u00e9 intellectuelle<\/li>\n \t<li>Protection des donn\u00e9es<\/li>\n \t<li>Compliance : Une introduction \u00e0 la lutte contre la corruption, le blanchiment d\u2019argent, l\u2019antitrust, etc.<\/li>\n \t<li>Introduction au droit de la concurrence<\/li>\n \t<li>Droit suisse des contrats<\/li>\n<\/ul>\n<span style=\"font-size: 17px;\">Cours sur mesure disponibles sur demande.<\/span>\n\n<em>(La taille du public et le format peuvent varier en fonction des besoins).<\/em>\t\t\t\t\t\t\t\t<\/div>\n\t\t\t\t<\/div>\n\t\t\t\t\t<\/div>\n\t\t<\/div>\n\t\t\t\t\t<\/div>\n\t\t<\/section>\n\t\t\t\t\t<\/div>\n\t\t<\/div>\n\t\t\t\t\t<\/div>\n\t\t<\/section>\n\t\t\t\t<section class=\"elementor-section elementor-top-section elementor-element elementor-element-c53ec2e elementor-section-boxed elementor-section-height-default elementor-section-height-default\" data-id=\"c53ec2e\" data-element_type=\"section\">\n\t\t\t\t\t\t<div class=\"elementor-container elementor-column-gap-default\">\n\t\t\t\t\t<div class=\"elementor-column elementor-col-100 elementor-top-column elementor-element elementor-element-4a76b19\" data-id=\"4a76b19\" data-element_type=\"column\">\n\t\t\t<div class=\"elementor-widget-wrap elementor-element-populated\">\n\t\t\t\t\t\t<div class=\"elementor-element elementor-element-705d20e elementor-align-center elementor-widget elementor-widget-button\" data-id=\"705d20e\" data-element_type=\"widget\" data-widget_type=\"button.default\">\n\t\t\t\t<div class=\"elementor-widget-container\">\n\t\t\t\t\t\t\t\t\t<div class=\"elementor-button-wrapper\">\n\t\t\t\t\t<a class=\"elementor-button elementor-button-link elementor-size-sm\" href=\"https:\/\/www.everwise.ch\/fr\/contact\/\" target=\"_blank\">\n\t\t\t\t\t\t<span class=\"elementor-button-content-wrapper\">\n\t\t\t\t\t\t\t\t\t<span class=\"elementor-button-text\">Prenez contact avec nous<\/span>\n\t\t\t\t\t<\/span>\n\t\t\t\t\t<\/a>\n\t\t\t\t<\/div>\n\t\t\t\t\t\t\t\t<\/div>\n\t\t\t\t<\/div>\n\t\t\t\t\t<\/div>\n\t\t<\/div>\n\t\t\t\t\t<\/div>\n\t\t<\/section>\n\t\t\t\t<\/div>\n\t\t","protected":false},"excerpt":{"rendered":"<p>Pr\u00e9vention &amp; Formation Pr\u00e9vention everwise propose des services de pr\u00e9vention pour les employ\u00e9s de ses clients, afin de favoriser un comportement conforme et \u00e9thique au sein de l&rsquo;organisation (compliance). Check-up juridique &amp; Services de conformit\u00e9 (Compliance) Un bilan juridique (\u00ab check-up \u00bb) est une source incroyable d\u2019informations et de connaissances. Un check-up juridique permet aux [&hellip;]<\/p>\n","protected":false},"author":1,"featured_media":0,"parent":2558,"menu_order":0,"comment_status":"closed","ping_status":"closed","template":"","meta":{"ocean_post_layout":"full-screen","ocean_both_sidebars_style":"","ocean_both_sidebars_content_width":0,"ocean_both_sidebars_sidebars_width":0,"ocean_sidebar":"0","ocean_second_sidebar":"0","ocean_disable_margins":"enable","ocean_add_body_class":"","ocean_shortcode_before_top_bar":"","ocean_shortcode_after_top_bar":"","ocean_shortcode_before_header":"","ocean_shortcode_after_header":"","ocean_has_shortcode":"","ocean_shortcode_after_title":"","ocean_shortcode_before_footer_widgets":"","ocean_shortcode_after_footer_widgets":"","ocean_shortcode_before_footer_bottom":"","ocean_shortcode_after_footer_bottom":"","ocean_display_top_bar":"default","ocean_display_header":"default","ocean_header_style":"","ocean_center_header_left_menu":"0","ocean_custom_header_template":"0","ocean_custom_logo":0,"ocean_custom_retina_logo":0,"ocean_custom_logo_max_width":0,"ocean_custom_logo_tablet_max_width":0,"ocean_custom_logo_mobile_max_width":0,"ocean_custom_logo_max_height":0,"ocean_custom_logo_tablet_max_height":0,"ocean_custom_logo_mobile_max_height":0,"ocean_header_custom_menu":"0","ocean_menu_typo_font_family":"0","ocean_menu_typo_font_subset":"","ocean_menu_typo_font_size":0,"ocean_menu_typo_font_size_tablet":0,"ocean_menu_typo_font_size_mobile":0,"ocean_menu_typo_font_size_unit":"px","ocean_menu_typo_font_weight":"","ocean_menu_typo_font_weight_tablet":"","ocean_menu_typo_font_weight_mobile":"","ocean_menu_typo_transform":"","ocean_menu_typo_transform_tablet":"","ocean_menu_typo_transform_mobile":"","ocean_menu_typo_line_height":0,"ocean_menu_typo_line_height_tablet":0,"ocean_menu_typo_line_height_mobile":0,"ocean_menu_typo_line_height_unit":"","ocean_menu_typo_spacing":0,"ocean_menu_typo_spacing_tablet":0,"ocean_menu_typo_spacing_mobile":0,"ocean_menu_typo_spacing_unit":"","ocean_menu_link_color":"","ocean_menu_link_color_hover":"","ocean_menu_link_color_active":"","ocean_menu_link_background":"","ocean_menu_link_hover_background":"","ocean_menu_link_active_background":"","ocean_menu_social_links_bg":"","ocean_menu_social_hover_links_bg":"","ocean_menu_social_links_color":"","ocean_menu_social_hover_links_color":"","ocean_disable_title":"on","ocean_disable_heading":"default","ocean_post_title":"","ocean_post_subheading":"","ocean_post_title_style":"","ocean_post_title_background_color":"","ocean_post_title_background":0,"ocean_post_title_bg_image_position":"","ocean_post_title_bg_image_attachment":"","ocean_post_title_bg_image_repeat":"","ocean_post_title_bg_image_size":"","ocean_post_title_height":0,"ocean_post_title_bg_overlay":0.5,"ocean_post_title_bg_overlay_color":"","ocean_disable_breadcrumbs":"off","ocean_breadcrumbs_color":"","ocean_breadcrumbs_separator_color":"","ocean_breadcrumbs_links_color":"","ocean_breadcrumbs_links_hover_color":"","ocean_display_footer_widgets":"default","ocean_display_footer_bottom":"default","ocean_custom_footer_template":"0","osh_disable_topbar_sticky":"default","osh_disable_header_sticky":"default","osh_sticky_header_style":"default","osh_sticky_header_effect":"","osh_custom_sticky_logo":0,"osh_custom_retina_sticky_logo":0,"osh_custom_sticky_logo_height":0,"osh_background_color":"","osh_links_color":"","osh_links_hover_color":"","osh_links_active_color":"","osh_links_bg_color":"","osh_links_hover_bg_color":"","osh_links_active_bg_color":"","osh_menu_social_links_color":"","osh_menu_social_hover_links_color":"","footnotes":""},"class_list":["post-2646","page","type-page","status-publish","hentry","entry"],"_links":{"self":[{"href":"https:\/\/www.everwise.ch\/fr\/wp-json\/wp\/v2\/pages\/2646","targetHints":{"allow":["GET"]}}],"collection":[{"href":"https:\/\/www.everwise.ch\/fr\/wp-json\/wp\/v2\/pages"}],"about":[{"href":"https:\/\/www.everwise.ch\/fr\/wp-json\/wp\/v2\/types\/page"}],"author":[{"embeddable":true,"href":"https:\/\/www.everwise.ch\/fr\/wp-json\/wp\/v2\/users\/1"}],"replies":[{"embeddable":true,"href":"https:\/\/www.everwise.ch\/fr\/wp-json\/wp\/v2\/comments?post=2646"}],"version-history":[{"count":0,"href":"https:\/\/www.everwise.ch\/fr\/wp-json\/wp\/v2\/pages\/2646\/revisions"}],"up":[{"embeddable":true,"href":"https:\/\/www.everwise.ch\/fr\/wp-json\/wp\/v2\/pages\/2558"}],"wp:attachment":[{"href":"https:\/\/www.everwise.ch\/fr\/wp-json\/wp\/v2\/media?parent=2646"}],"curies":[{"name":"wp","href":"https:\/\/api.w.org\/{rel}","templated":true}]}}