{"id":2568,"date":"2023-01-07T08:06:47","date_gmt":"2023-01-07T07:06:47","guid":{"rendered":"https:\/\/www.everwise.ch\/clients\/"},"modified":"2023-01-08T19:32:15","modified_gmt":"2023-01-08T18:32:15","slug":"clients","status":"publish","type":"page","link":"https:\/\/www.everwise.ch\/fr\/clients\/","title":{"rendered":"Clients"},"content":{"rendered":"\t\t<div data-elementor-type=\"wp-page\" data-elementor-id=\"2568\" class=\"elementor elementor-2568 elementor-400\" data-elementor-post-type=\"page\">\n\t\t\t\t\t\t<section class=\"elementor-section elementor-top-section elementor-element elementor-element-778d16c0 elementor-section-height-min-height elementor-section-boxed elementor-section-height-default elementor-section-items-middle\" data-id=\"778d16c0\" data-element_type=\"section\" data-settings=\"{&quot;background_background&quot;:&quot;classic&quot;}\">\n\t\t\t\t\t\t<div class=\"elementor-container elementor-column-gap-default\">\n\t\t\t\t\t<div class=\"elementor-column elementor-col-100 elementor-top-column elementor-element elementor-element-5fc7e3b7 header-shadowbanner\" data-id=\"5fc7e3b7\" data-element_type=\"column\" data-settings=\"{&quot;background_background&quot;:&quot;classic&quot;}\">\n\t\t\t<div class=\"elementor-widget-wrap elementor-element-populated\">\n\t\t\t\t\t\t<div class=\"elementor-element elementor-element-3987ee42 elementor-widget elementor-widget-heading\" data-id=\"3987ee42\" data-element_type=\"widget\" data-widget_type=\"heading.default\">\n\t\t\t\t<div class=\"elementor-widget-container\">\n\t\t\t\t\t<h1 class=\"elementor-heading-title elementor-size-default\">Nos Client<\/h1>\t\t\t\t<\/div>\n\t\t\t\t<\/div>\n\t\t\t\t\t<\/div>\n\t\t<\/div>\n\t\t\t\t\t<\/div>\n\t\t<\/section>\n\t\t\t\t<section class=\"elementor-section elementor-top-section elementor-element elementor-element-b011a5f elementor-section-boxed elementor-section-height-default elementor-section-height-default\" data-id=\"b011a5f\" data-element_type=\"section\" data-settings=\"{&quot;background_background&quot;:&quot;classic&quot;}\">\n\t\t\t\t\t\t\t<div class=\"elementor-background-overlay\"><\/div>\n\t\t\t\t\t\t\t<div class=\"elementor-container elementor-column-gap-default\">\n\t\t\t\t\t<div class=\"elementor-column elementor-col-100 elementor-top-column elementor-element elementor-element-38182b1\" data-id=\"38182b1\" data-element_type=\"column\">\n\t\t\t<div class=\"elementor-widget-wrap elementor-element-populated\">\n\t\t\t\t\t\t<div class=\"elementor-element elementor-element-d9dee9b elementor-widget elementor-widget-text-editor\" data-id=\"d9dee9b\" data-element_type=\"widget\" data-widget_type=\"text-editor.default\">\n\t\t\t\t<div class=\"elementor-widget-container\">\n\t\t\t\t\t\t\t\t\t<p>De l&rsquo;entrepreneur individuel \u00e0 la multinationale, nous connaissons vos d\u00e9fis et vous accompagnons tout au long de votre parcours. Nous soutenons vos op\u00e9rations commerciales quotidiennes, travaillons \u00e0 la r\u00e9solution des probl\u00e8mes et contribuons \u00e0 une croissance responsable, de mani\u00e8re collaborative et pragmatique.<\/p>\n\t\t\t\t\t\t\t\t<\/div>\n\t\t\t\t<\/div>\n\t\t\t\t<section class=\"elementor-section elementor-inner-section elementor-element elementor-element-3961cda elementor-section-boxed elementor-section-height-default elementor-section-height-default\" data-id=\"3961cda\" data-element_type=\"section\">\n\t\t\t\t\t\t<div class=\"elementor-container elementor-column-gap-default\">\n\t\t\t\t\t<div class=\"elementor-column elementor-col-50 elementor-inner-column elementor-element elementor-element-74e2913\" data-id=\"74e2913\" data-element_type=\"column\" data-settings=\"{&quot;background_background&quot;:&quot;classic&quot;}\">\n\t\t\t<div class=\"elementor-widget-wrap elementor-element-populated\">\n\t\t\t\t\t\t<div class=\"elementor-element elementor-element-ef350c1 grey elementor-widget elementor-widget-heading\" data-id=\"ef350c1\" data-element_type=\"widget\" data-widget_type=\"heading.default\">\n\t\t\t\t<div class=\"elementor-widget-container\">\n\t\t\t\t\t<h2 class=\"elementor-heading-title elementor-size-default\">START-UPS<br> <br> \nPETITES ET MOYENNES ENTREPRISES<br> <br> \nENTREPRENEURS<br><br>\n<img decoding=\"async\" src=\"https:\/\/www.everwise.ch\/wp-content\/uploads\/2020\/09\/Fleche-grise.png\"><\/h2>\t\t\t\t<\/div>\n\t\t\t\t<\/div>\n\t\t\t\t<div class=\"elementor-element elementor-element-2c8d23b elementor-widget elementor-widget-text-editor\" data-id=\"2c8d23b\" data-element_type=\"widget\" data-widget_type=\"text-editor.default\">\n\t\t\t\t<div class=\"elementor-widget-container\">\n\t\t\t\t\t\t\t\t\t<p>VOS <span style=\"color: #debc8c; font-weight: bold;\">PRINCIPAUX D\u00c9FIS<\/span><\/p>\n\t\t\t\t\t\t\t\t<\/div>\n\t\t\t\t<\/div>\n\t\t\t\t<div class=\"elementor-element elementor-element-1d6bbb7 elementor-widget elementor-widget-image\" data-id=\"1d6bbb7\" data-element_type=\"widget\" data-widget_type=\"image.default\">\n\t\t\t\t<div class=\"elementor-widget-container\">\n\t\t\t\t\t\t\t\t\t\t\t\t\t\t\t<img decoding=\"async\" width=\"35\" height=\"13\" src=\"https:\/\/www.everwise.ch\/wp-content\/uploads\/2020\/09\/Fleche-grise.png\" class=\"attachment-full size-full wp-image-2851\" alt=\"\" \/>\t\t\t\t\t\t\t\t\t\t\t\t\t\t\t<\/div>\n\t\t\t\t<\/div>\n\t\t\t\t<div class=\"elementor-element elementor-element-ba94ff9 elementor-widget elementor-widget-text-editor\" data-id=\"ba94ff9\" data-element_type=\"widget\" data-widget_type=\"text-editor.default\">\n\t\t\t\t<div class=\"elementor-widget-container\">\n\t\t\t\t\t\t\t\t\t<ul>\n \t<li style=\"margin-top: 15px; font-size: 17px;\">Vous pensez qu&rsquo;il est trop t\u00f4t pour solliciter un conseil juridique mais vous avez du mal \u00e0 d\u00e9terminer les probl\u00e8mes ou opportunit\u00e9s potentiels<\/li>\n \t<li style=\"font-size: 17px;\">Vous craignez d\u2019engendrer des co\u00fbts d\u00e9mesur\u00e9s et incontr\u00f4l\u00e9s li\u00e9s \u00e0 un conseil juridique<\/li>\n \t<li>Vous ne savez pas comment identifier les experts juridiques appropri\u00e9s \u00e0 vos besoins<\/li>\n \t<li>Vous pr\u00e9f\u00e9rez \u00eatre libre de tout engagement ou obligation envers votre conseiller<\/li>\n<\/ul>\t\t\t\t\t\t\t\t<\/div>\n\t\t\t\t<\/div>\n\t\t\t\t<div class=\"elementor-element elementor-element-013a683 elementor-widget elementor-widget-text-editor\" data-id=\"013a683\" data-element_type=\"widget\" data-widget_type=\"text-editor.default\">\n\t\t\t\t<div class=\"elementor-widget-container\">\n\t\t\t\t\t\t\t\t\t<p>NOS <span style=\"color: #debc8c; font-weight: bold;\">SOLUTIONS <\/span> <\/p>\n\t\t\t\t\t\t\t\t<\/div>\n\t\t\t\t<\/div>\n\t\t\t\t<div class=\"elementor-element elementor-element-ffe99e3 elementor-widget elementor-widget-image\" data-id=\"ffe99e3\" data-element_type=\"widget\" data-widget_type=\"image.default\">\n\t\t\t\t<div class=\"elementor-widget-container\">\n\t\t\t\t\t\t\t\t\t\t\t\t\t\t\t<img decoding=\"async\" width=\"35\" height=\"13\" src=\"https:\/\/www.everwise.ch\/wp-content\/uploads\/2020\/09\/Fleche-grise.png\" class=\"attachment-full size-full wp-image-2851\" alt=\"\" \/>\t\t\t\t\t\t\t\t\t\t\t\t\t\t\t<\/div>\n\t\t\t\t<\/div>\n\t\t\t\t<div class=\"elementor-element elementor-element-3d85075 elementor-widget elementor-widget-text-editor\" data-id=\"3d85075\" data-element_type=\"widget\" data-widget_type=\"text-editor.default\">\n\t\t\t\t<div class=\"elementor-widget-container\">\n\t\t\t\t\t\t\t\t\t<ul>\n<li>Nous vous aidons \u00e0 identifier les opportunit\u00e9s \u00e0 un stade pr\u00e9coce et \u00e0 traiter les questions juridiques et de conformit\u00e9 d\u00e8s le d\u00e9part, ce qui permet d&rsquo;att\u00e9nuer\/\u00e9viter les probl\u00e8mes potentiels futurs et de prot\u00e9ger votre r\u00e9putation<\/li>\n<li style=\"font-size: 17px;\">Vous gagnez en flexibilit\u00e9 et en commodit\u00e9 en ayant la libert\u00e9 de choisir les experts en fonction de vos besoins concrets (flexibilit\u00e9 \/ commodit\u00e9)<\/li>\n<li>Nous vous fournissons une transparence totale sur les honoraires attendus avant le d\u00e9but de la mission et avec une port\u00e9e clairement d\u00e9finie<\/li>\n<li style=\"font-size: 17px;\">Vous gagnez du temps et vous \u00e9conomisez des co\u00fbts <span style=\"font-family: 'Open Sans'; font-size: 17px; font-style: normal; font-variant-ligatures: normal; font-variant-caps: normal; font-weight: 400;\">en att\u00e9nuant\/\u00e9vitant les probl\u00e8mes potentiels futurs<\/span> et en identifiant des opportunit\u00e9s \u00e0 un stade pr\u00e9coce<\/li>\n<\/ul>\n\t\t\t\t\t\t\t\t<\/div>\n\t\t\t\t<\/div>\n\t\t\t\t\t<\/div>\n\t\t<\/div>\n\t\t\t\t<div class=\"elementor-column elementor-col-50 elementor-inner-column elementor-element elementor-element-6bb9da0\" data-id=\"6bb9da0\" data-element_type=\"column\">\n\t\t\t<div class=\"elementor-widget-wrap elementor-element-populated\">\n\t\t\t\t\t\t<div class=\"elementor-element elementor-element-cfd7244 grey elementor-widget elementor-widget-heading\" data-id=\"cfd7244\" data-element_type=\"widget\" data-widget_type=\"heading.default\">\n\t\t\t\t<div class=\"elementor-widget-container\">\n\t\t\t\t\t<h2 class=\"elementor-heading-title elementor-size-default\">ENTREPRISES MULTINATIONALES<br> <br> &amp; INSTITUTIONS<br> <br> \nORGANISATIONS \u00c0 BUT NON LUCRATIF<br><br>\n<img decoding=\"async\" src=\"https:\/\/www.everwise.ch\/wp-content\/uploads\/2020\/09\/Fleche-grise.png\"><\/h2>\t\t\t\t<\/div>\n\t\t\t\t<\/div>\n\t\t\t\t<div class=\"elementor-element elementor-element-4d2cadb elementor-widget elementor-widget-text-editor\" data-id=\"4d2cadb\" data-element_type=\"widget\" data-widget_type=\"text-editor.default\">\n\t\t\t\t<div class=\"elementor-widget-container\">\n\t\t\t\t\t\t\t\t\t<p>VOS <span style=\"color: #debc8c; font-weight: bold;\">PRINCIPAUX D\u00c9FIS<\/span><\/p>\n\t\t\t\t\t\t\t\t<\/div>\n\t\t\t\t<\/div>\n\t\t\t\t<div class=\"elementor-element elementor-element-b917f07 elementor-widget elementor-widget-image\" data-id=\"b917f07\" data-element_type=\"widget\" data-widget_type=\"image.default\">\n\t\t\t\t<div class=\"elementor-widget-container\">\n\t\t\t\t\t\t\t\t\t\t\t\t\t\t\t<img decoding=\"async\" width=\"35\" height=\"13\" src=\"https:\/\/www.everwise.ch\/wp-content\/uploads\/2020\/09\/Fleche-grise.png\" class=\"attachment-full size-full wp-image-2851\" alt=\"\" \/>\t\t\t\t\t\t\t\t\t\t\t\t\t\t\t<\/div>\n\t\t\t\t<\/div>\n\t\t\t\t<div class=\"elementor-element elementor-element-bb7d286 elementor-widget elementor-widget-text-editor\" data-id=\"bb7d286\" data-element_type=\"widget\" data-widget_type=\"text-editor.default\">\n\t\t\t\t<div class=\"elementor-widget-container\">\n\t\t\t\t\t\t\t\t\t<ul>\n \t<li>Votre d\u00e9partement juridique manque de personnel et vous avez besoin d&rsquo;une solution ad hoc<\/li>\n \t<li>Vos juristes internes ont besoin de connaissances et d&rsquo;expertise sp\u00e9cifiques en droit suisse<\/li>\n \t<li>Vous avez besoin d&rsquo;une ressource dans le domaine juridique mais vous souhaitez vous assurer que son expertise et ses conseils restent pragmatiques et ax\u00e9s sur les affaires<\/li>\n \t<li>La formation de des collaborateurs de votre entreprise sur les questions juridiques et de conformit\u00e9 (compliance) prend du temps et co\u00fbte cher. Bien qu&rsquo;essentielle, elle est rarement identifi\u00e9e comme une priorit\u00e9 \u00e0 court ou \u00e0 court terme<\/li>\n<\/ul>\t\t\t\t\t\t\t\t<\/div>\n\t\t\t\t<\/div>\n\t\t\t\t<div class=\"elementor-element elementor-element-ab11c16 elementor-widget elementor-widget-text-editor\" data-id=\"ab11c16\" data-element_type=\"widget\" data-widget_type=\"text-editor.default\">\n\t\t\t\t<div class=\"elementor-widget-container\">\n\t\t\t\t\t\t\t\t\t<p>NOS <span style=\"color: #debc8c; font-weight: bold;\">SOLUTIONS <\/span> <\/p>\n\t\t\t\t\t\t\t\t<\/div>\n\t\t\t\t<\/div>\n\t\t\t\t<div class=\"elementor-element elementor-element-d62fe63 elementor-widget elementor-widget-image\" data-id=\"d62fe63\" data-element_type=\"widget\" data-widget_type=\"image.default\">\n\t\t\t\t<div class=\"elementor-widget-container\">\n\t\t\t\t\t\t\t\t\t\t\t\t\t\t\t<img decoding=\"async\" width=\"35\" height=\"13\" src=\"https:\/\/www.everwise.ch\/wp-content\/uploads\/2020\/09\/Fleche-grise.png\" class=\"attachment-full size-full wp-image-2851\" alt=\"\" \/>\t\t\t\t\t\t\t\t\t\t\t\t\t\t\t<\/div>\n\t\t\t\t<\/div>\n\t\t\t\t<div class=\"elementor-element elementor-element-3bd35cd elementor-widget elementor-widget-text-editor\" data-id=\"3bd35cd\" data-element_type=\"widget\" data-widget_type=\"text-editor.default\">\n\t\t\t\t<div class=\"elementor-widget-container\">\n\t\t\t\t\t\t\t\t\t<ul>\n<li style=\"margin-top: 15px; font-size: 17px;\">Nous offrons un service flexible et rentable pour soutenir et\/ou am\u00e9liorer vos performances<\/li>\n<li style=\"font-size: 17px;\">Nous apportons \u00e0 votre organisation des connaissances en droit suisse, ainsi que des experts en droit \u00e9tranger, en fonction des besoins<\/li>\n<li style=\"font-size: 17px;\">Nous mettons \u00e0 la disposition de votre organisation des experts juridiques ayant une exp\u00e9rience interne de l&rsquo;entreprise ou de l&rsquo;industrie<\/li>\n<li>Nous donnons des formations et des ateliers au sein de votre organisation, avec un contenu standard ou enti\u00e8rement personnalis\u00e9, d\u00e9velopp\u00e9 par des experts internes ou externes (notamment des avocats, des comptables, des experts fiscaux, des conseils en propri\u00e9t\u00e9 intellectuelle, etc.)<\/li>\n<\/ul>\t\t\t\t\t\t\t\t<\/div>\n\t\t\t\t<\/div>\n\t\t\t\t\t<\/div>\n\t\t<\/div>\n\t\t\t\t\t<\/div>\n\t\t<\/section>\n\t\t\t\t\t<\/div>\n\t\t<\/div>\n\t\t\t\t\t<\/div>\n\t\t<\/section>\n\t\t\t\t<section class=\"elementor-section elementor-top-section elementor-element elementor-element-5989dda elementor-section-full_width elementor-section-height-default elementor-section-height-default\" data-id=\"5989dda\" data-element_type=\"section\">\n\t\t\t\t\t\t<div class=\"elementor-container elementor-column-gap-default\">\n\t\t\t\t\t<div class=\"elementor-column elementor-col-100 elementor-top-column elementor-element elementor-element-9a2daa5\" data-id=\"9a2daa5\" data-element_type=\"column\">\n\t\t\t<div class=\"elementor-widget-wrap elementor-element-populated\">\n\t\t\t\t\t\t<div class=\"elementor-element elementor-element-ab278b1 elementor-widget elementor-widget-heading\" data-id=\"ab278b1\" data-element_type=\"widget\" data-widget_type=\"heading.default\">\n\t\t\t\t<div class=\"elementor-widget-container\">\n\t\t\t\t\t<h2 class=\"elementor-heading-title elementor-size-default\">Nos services<\/h2>\t\t\t\t<\/div>\n\t\t\t\t<\/div>\n\t\t\t\t<div class=\"elementor-element elementor-element-309077e elementor-widget-divider--view-line elementor-widget elementor-widget-divider\" data-id=\"309077e\" data-element_type=\"widget\" data-widget_type=\"divider.default\">\n\t\t\t\t<div class=\"elementor-widget-container\">\n\t\t\t\t\t\t\t<div class=\"elementor-divider\">\n\t\t\t<span class=\"elementor-divider-separator\">\n\t\t\t\t\t\t<\/span>\n\t\t<\/div>\n\t\t\t\t\t\t<\/div>\n\t\t\t\t<\/div>\n\t\t\t\t\t<\/div>\n\t\t<\/div>\n\t\t\t\t\t<\/div>\n\t\t<\/section>\n\t\t\t\t<section class=\"elementor-section elementor-top-section elementor-element elementor-element-3a17d8d elementor-section-full_width elementor-section-height-min-height elementor-section-items-stretch elementor-section-content-middle elementor-section-height-default\" data-id=\"3a17d8d\" data-element_type=\"section\">\n\t\t\t\t\t\t<div class=\"elementor-container elementor-column-gap-narrow\">\n\t\t\t\t\t<div class=\"make-column-clickable-elementor elementor-column elementor-col-33 elementor-top-column elementor-element elementor-element-a0d4395 banner\" style=\"cursor: pointer;\" data-column-clickable=\"https:\/\/www.everwise.ch\/fr\/services\/conseil-juridique\/\" data-column-clickable-blank=\"_self\" data-id=\"a0d4395\" data-element_type=\"column\" data-settings=\"{&quot;background_background&quot;:&quot;classic&quot;}\">\n\t\t\t<div class=\"elementor-widget-wrap elementor-element-populated\">\n\t\t\t\t\t\t<div class=\"elementor-element elementor-element-bf19698 elementor-widget elementor-widget-heading\" data-id=\"bf19698\" data-element_type=\"widget\" data-widget_type=\"heading.default\">\n\t\t\t\t<div class=\"elementor-widget-container\">\n\t\t\t\t\t<h2 class=\"elementor-heading-title elementor-size-default\"><a href=\"https:\/\/www.everwise.ch\/fr\/services\/conseil-juridique\/\">Conseil juridique<\/a><\/h2>\t\t\t\t<\/div>\n\t\t\t\t<\/div>\n\t\t\t\t\t<\/div>\n\t\t<\/div>\n\t\t\t\t<div class=\"make-column-clickable-elementor elementor-column elementor-col-33 elementor-top-column elementor-element elementor-element-72fffa6 banner\" style=\"cursor: pointer;\" data-column-clickable=\"https:\/\/www.everwise.ch\/fr\/services\/fonction-juridique-externalisee\/\" data-column-clickable-blank=\"_self\" data-id=\"72fffa6\" data-element_type=\"column\" data-settings=\"{&quot;background_background&quot;:&quot;classic&quot;}\">\n\t\t\t<div class=\"elementor-widget-wrap elementor-element-populated\">\n\t\t\t\t\t\t<div class=\"elementor-element elementor-element-ea80913 elementor-widget elementor-widget-heading\" data-id=\"ea80913\" data-element_type=\"widget\" data-widget_type=\"heading.default\">\n\t\t\t\t<div class=\"elementor-widget-container\">\n\t\t\t\t\t<h2 class=\"elementor-heading-title elementor-size-default\"><a href=\"https:\/\/www.everwise.ch\/fr\/services\/fonction-juridique-externalisee\/\">Fonction Juridique externalis\u00e9e<\/a><\/h2>\t\t\t\t<\/div>\n\t\t\t\t<\/div>\n\t\t\t\t\t<\/div>\n\t\t<\/div>\n\t\t\t\t<div class=\"make-column-clickable-elementor elementor-column elementor-col-33 elementor-top-column elementor-element elementor-element-2b1ae24\" style=\"cursor: pointer;\" data-column-clickable=\"https:\/\/www.everwise.ch\/services\/prevention-training\/\" data-column-clickable-blank=\"_self\" data-id=\"2b1ae24\" data-element_type=\"column\" data-settings=\"{&quot;background_background&quot;:&quot;classic&quot;}\">\n\t\t\t<div class=\"elementor-widget-wrap elementor-element-populated\">\n\t\t\t\t\t\t<div class=\"elementor-element elementor-element-9bb0f3c banner elementor-widget elementor-widget-heading\" data-id=\"9bb0f3c\" data-element_type=\"widget\" data-widget_type=\"heading.default\">\n\t\t\t\t<div class=\"elementor-widget-container\">\n\t\t\t\t\t<h2 class=\"elementor-heading-title elementor-size-default\"><a href=\"https:\/\/www.everwise.ch\/fr\/services\/prevention-formation\/\">Pr\u00e9vention &amp; Formation<\/a><\/h2>\t\t\t\t<\/div>\n\t\t\t\t<\/div>\n\t\t\t\t\t<\/div>\n\t\t<\/div>\n\t\t\t\t\t<\/div>\n\t\t<\/section>\n\t\t\t\t<\/div>\n\t\t","protected":false},"excerpt":{"rendered":"<p>Nos Client De l&rsquo;entrepreneur individuel \u00e0 la multinationale, nous connaissons vos d\u00e9fis et vous accompagnons tout au long de votre parcours. Nous soutenons vos op\u00e9rations commerciales quotidiennes, travaillons \u00e0 la r\u00e9solution des probl\u00e8mes et contribuons \u00e0 une croissance responsable, de mani\u00e8re collaborative et pragmatique. START-UPS PETITES ET MOYENNES ENTREPRISES ENTREPRENEURS VOS PRINCIPAUX D\u00c9FIS Vous pensez [&hellip;]<\/p>\n","protected":false},"author":1,"featured_media":0,"parent":0,"menu_order":0,"comment_status":"closed","ping_status":"closed","template":"","meta":{"ocean_post_layout":"full-screen","ocean_both_sidebars_style":"","ocean_both_sidebars_content_width":0,"ocean_both_sidebars_sidebars_width":0,"ocean_sidebar":"0","ocean_second_sidebar":"0","ocean_disable_margins":"enable","ocean_add_body_class":"","ocean_shortcode_before_top_bar":"","ocean_shortcode_after_top_bar":"","ocean_shortcode_before_header":"","ocean_shortcode_after_header":"","ocean_has_shortcode":"","ocean_shortcode_after_title":"","ocean_shortcode_before_footer_widgets":"","ocean_shortcode_after_footer_widgets":"","ocean_shortcode_before_footer_bottom":"","ocean_shortcode_after_footer_bottom":"","ocean_display_top_bar":"default","ocean_display_header":"default","ocean_header_style":"","ocean_center_header_left_menu":"0","ocean_custom_header_template":"0","ocean_custom_logo":0,"ocean_custom_retina_logo":0,"ocean_custom_logo_max_width":0,"ocean_custom_logo_tablet_max_width":0,"ocean_custom_logo_mobile_max_width":0,"ocean_custom_logo_max_height":0,"ocean_custom_logo_tablet_max_height":0,"ocean_custom_logo_mobile_max_height":0,"ocean_header_custom_menu":"0","ocean_menu_typo_font_family":"0","ocean_menu_typo_font_subset":"","ocean_menu_typo_font_size":0,"ocean_menu_typo_font_size_tablet":0,"ocean_menu_typo_font_size_mobile":0,"ocean_menu_typo_font_size_unit":"px","ocean_menu_typo_font_weight":"","ocean_menu_typo_font_weight_tablet":"","ocean_menu_typo_font_weight_mobile":"","ocean_menu_typo_transform":"","ocean_menu_typo_transform_tablet":"","ocean_menu_typo_transform_mobile":"","ocean_menu_typo_line_height":0,"ocean_menu_typo_line_height_tablet":0,"ocean_menu_typo_line_height_mobile":0,"ocean_menu_typo_line_height_unit":"","ocean_menu_typo_spacing":0,"ocean_menu_typo_spacing_tablet":0,"ocean_menu_typo_spacing_mobile":0,"ocean_menu_typo_spacing_unit":"","ocean_menu_link_color":"","ocean_menu_link_color_hover":"","ocean_menu_link_color_active":"","ocean_menu_link_background":"","ocean_menu_link_hover_background":"","ocean_menu_link_active_background":"","ocean_menu_social_links_bg":"","ocean_menu_social_hover_links_bg":"","ocean_menu_social_links_color":"","ocean_menu_social_hover_links_color":"","ocean_disable_title":"on","ocean_disable_heading":"default","ocean_post_title":"","ocean_post_subheading":"","ocean_post_title_style":"","ocean_post_title_background_color":"","ocean_post_title_background":0,"ocean_post_title_bg_image_position":"","ocean_post_title_bg_image_attachment":"","ocean_post_title_bg_image_repeat":"","ocean_post_title_bg_image_size":"","ocean_post_title_height":0,"ocean_post_title_bg_overlay":0.5,"ocean_post_title_bg_overlay_color":"","ocean_disable_breadcrumbs":"off","ocean_breadcrumbs_color":"","ocean_breadcrumbs_separator_color":"","ocean_breadcrumbs_links_color":"","ocean_breadcrumbs_links_hover_color":"","ocean_display_footer_widgets":"default","ocean_display_footer_bottom":"default","ocean_custom_footer_template":"0","osh_disable_topbar_sticky":"default","osh_disable_header_sticky":"default","osh_sticky_header_style":"default","osh_sticky_header_effect":"","osh_custom_sticky_logo":0,"osh_custom_retina_sticky_logo":0,"osh_custom_sticky_logo_height":0,"osh_background_color":"","osh_links_color":"","osh_links_hover_color":"","osh_links_active_color":"","osh_links_bg_color":"","osh_links_hover_bg_color":"","osh_links_active_bg_color":"","osh_menu_social_links_color":"","osh_menu_social_hover_links_color":"","footnotes":""},"class_list":["post-2568","page","type-page","status-publish","hentry","entry"],"_links":{"self":[{"href":"https:\/\/www.everwise.ch\/fr\/wp-json\/wp\/v2\/pages\/2568","targetHints":{"allow":["GET"]}}],"collection":[{"href":"https:\/\/www.everwise.ch\/fr\/wp-json\/wp\/v2\/pages"}],"about":[{"href":"https:\/\/www.everwise.ch\/fr\/wp-json\/wp\/v2\/types\/page"}],"author":[{"embeddable":true,"href":"https:\/\/www.everwise.ch\/fr\/wp-json\/wp\/v2\/users\/1"}],"replies":[{"embeddable":true,"href":"https:\/\/www.everwise.ch\/fr\/wp-json\/wp\/v2\/comments?post=2568"}],"version-history":[{"count":0,"href":"https:\/\/www.everwise.ch\/fr\/wp-json\/wp\/v2\/pages\/2568\/revisions"}],"wp:attachment":[{"href":"https:\/\/www.everwise.ch\/fr\/wp-json\/wp\/v2\/media?parent=2568"}],"curies":[{"name":"wp","href":"https:\/\/api.w.org\/{rel}","templated":true}]}}